{"id":723,"date":"2017-06-20T16:00:43","date_gmt":"2017-06-20T14:00:43","guid":{"rendered":"http:\/\/www.fap-zeist.nl\/wordpress\/?page_id=723"},"modified":"2017-06-26T13:16:23","modified_gmt":"2017-06-26T11:16:23","slug":"gospelkoor-pamfanos","status":"publish","type":"page","link":"https:\/\/www.fap-zeist.nl\/?page_id=723","title":{"rendered":"Gospelkoor Pamfanos"},"content":{"rendered":"[vc_row type=&#8221;full_width_background&#8221; full_screen_row_position=&#8221;middle&#8221; bg_color=&#8221;#f9f9f9&#8243; scene_position=&#8221;center&#8221; text_color=&#8221;dark&#8221; text_align=&#8221;left&#8221; top_padding=&#8221;5%&#8221; overlay_strength=&#8221;0.3&#8243;][vc_column column_padding=&#8221;padding-1-percent&#8221; column_padding_position=&#8221;all&#8221; background_color_opacity=&#8221;1&#8243; background_hover_color_opacity=&#8221;1&#8243; column_shadow=&#8221;none&#8221; width=&#8221;1\/1&#8243; tablet_text_alignment=&#8221;default&#8221; phone_text_alignment=&#8221;default&#8221; column_border_width=&#8221;none&#8221; column_border_style=&#8221;solid&#8221;][vc_column_text]\n<h2><span style=\"color: #359901;\">Gospelkoor Pamfanos<br \/>\n<\/span><\/h2>\n[\/vc_column_text][\/vc_column][\/vc_row][vc_row type=&#8221;full_width_background&#8221; full_screen_row_position=&#8221;middle&#8221; bg_color=&#8221;#f9f9f9&#8243; scene_position=&#8221;center&#8221; text_color=&#8221;dark&#8221; text_align=&#8221;left&#8221; bottom_padding=&#8221;4%&#8221; overlay_strength=&#8221;0.3&#8243;][vc_column column_padding=&#8221;padding-1-percent&#8221; column_padding_position=&#8221;all&#8221; background_color_opacity=&#8221;1&#8243; background_hover_color_opacity=&#8221;1&#8243; column_shadow=&#8221;none&#8221; width=&#8221;1\/3&#8243; tablet_text_alignment=&#8221;default&#8221; phone_text_alignment=&#8221;default&#8221; column_border_width=&#8221;none&#8221; column_border_style=&#8221;solid&#8221;][vc_column_text]<span style=\"color: #999999;\">Gospelkoor Pamfanos bestaat al ruim 40 jaar en staat onder leiding van Roebijanto Soetanto. In muzikaal opzicht proberen we ons op een zo breed mogelijk terrein te begeven en ons eigen geluid te ontwikkelen. Wij maken hierbij veel gebruik van eigen arrangementen. Ons repertoire bestaat uit voornamelijk engelstalige gospelmuziek, in stijl vari\u00ebrend van swingend, jazzy tot mooie ballads. Gemiddeld \u00e9\u00e9n keer per 2 maanden treden we op tijdens een dienst of ander evenement.<\/span>[\/vc_column_text][\/vc_column][vc_column column_padding=&#8221;padding-1-percent&#8221; column_padding_position=&#8221;all&#8221; background_color_opacity=&#8221;1&#8243; background_hover_color_opacity=&#8221;1&#8243; column_shadow=&#8221;none&#8221; width=&#8221;1\/3&#8243; tablet_text_alignment=&#8221;default&#8221; phone_text_alignment=&#8221;default&#8221; column_border_width=&#8221;none&#8221; column_border_style=&#8221;solid&#8221;][vc_column_text]<span style=\"color: #999999;\">Rond de kerst is Pamfanos altijd op diverse plaatsen te horen. Momenteel zingen we met ongeveer\u00a015 leden (leeftijd tussen de 20 en 50 jaar). \u00a0De\u00a0 muzikale begeleiding is in handen van onze veelzijdige pianiste Marina Pogalin. \u00a0Uitbreiding van\u00a0 enthousiaste zangers is mogelijk bij alle stemsoorten , dus\u2026 heb je zin om mee te zingen, schroom dan niet en kom luisteren of gelijk meedoen! Ben je ge\u00efnteresseerd kom dan eens langs bij een repetitie of optreden. We repeteren iedere donderdag vanaf 19.45 uur in het jeugdgebouw van NoorderLicht-kerk te Zeist., Bergweg 92-A Zeist.<\/span>[\/vc_column_text][\/vc_column][vc_column column_padding=&#8221;padding-1-percent&#8221; column_padding_position=&#8221;all&#8221; background_color_opacity=&#8221;1&#8243; background_hover_color_opacity=&#8221;1&#8243; column_shadow=&#8221;none&#8221; width=&#8221;1\/3&#8243; tablet_text_alignment=&#8221;default&#8221; phone_text_alignment=&#8221;default&#8221; column_border_width=&#8221;none&#8221; column_border_style=&#8221;solid&#8221;][vc_column_text]\n<h6><span style=\"color: #359901;\">Informatie<\/span><\/h6>\n<p><span style=\"color: #999999;\">Opgericht: 1969<\/span><br \/>\n<span style=\"color: #999999;\">Rechtspersoon: vereniging<\/span><br \/>\n<span style=\"color: #999999;\">Landelijke organisatie: KCZB<\/span><br \/>\n<span style=\"color: #999999;\">FAP lid sinds: 1999<\/span><br \/>\n<span style=\"color: #999999;\">Aantal leden: 18<\/span><br \/>\n<span style=\"color: #999999;\">Repetitie ruimte: Jeugdgeb.NoorderLichtgem. Bergweg 92a Zeist<\/span><br \/>\n<span style=\"color: #999999;\">Repetitie avond: donderdag van 19.45 &#8211; 22.00 uur<\/span><br \/>\n<span style=\"color: #999999;\">Dirigent: Rubijanto Soetanto<\/span>[\/vc_column_text]<div class=\"divider-wrap\"><div style=\"height: 30px;\" class=\"divider\"><\/div><\/div>[vc_column_text]\n<h6><span style=\"color: #359901;\">Contact<\/span><\/h6>\n<p><span style=\"color: #999999;\">Secretariaat: Mw.\u00a0I.M.Steenbeek<\/span><br \/>\n<span style=\"color: #999999;\">Versteeglaan 98<\/span><br \/>\n<span style=\"color: #999999;\">3737XB Groenekan<\/span><br \/>\n<span style=\"color: #999999;\">0346 214600<\/span><br \/>\n<span style=\"color: #999999;\"><a href=\"mailto:pamfanos@gmail.com\">e-mail<\/a><\/span><br \/>\n<span style=\"color: #999999;\"><a href=\"http:\/\/www.pamfanos.nl\/\" target=\"_blank\" rel=\"noopener\">www.pamfanos.nl<\/a><\/span><\/p>\n[\/vc_column_text]<div class=\"divider-wrap\"><div style=\"height: 30px;\" class=\"divider\"><\/div><\/div>[\/vc_column][\/vc_row][vc_row type=&#8221;full_width_background&#8221; full_screen_row_position=&#8221;middle&#8221; scene_position=&#8221;center&#8221; text_color=&#8221;dark&#8221; text_align=&#8221;left&#8221; top_padding=&#8221;40&#8243; bottom_padding=&#8221;40&#8243; overlay_strength=&#8221;0.3&#8243;][vc_column column_padding=&#8221;no-extra-padding&#8221; column_padding_position=&#8221;all&#8221; background_color_opacity=&#8221;1&#8243; background_hover_color_opacity=&#8221;1&#8243; column_shadow=&#8221;none&#8221; width=&#8221;1\/1&#8243; tablet_text_alignment=&#8221;default&#8221; phone_text_alignment=&#8221;default&#8221; column_border_width=&#8221;none&#8221; column_border_style=&#8221;solid&#8221;][vc_gallery type=&#8221;image_grid&#8221; layout=&#8221;4&#8243; gallery_style=&#8221;7&#8243; load_in_animation=&#8221;fade_in&#8221; img_size=&#8221;600&#215;400&#8243;][\/vc_column][\/vc_row]\n","protected":false},"excerpt":{"rendered":"<p>[vc_row type=&#8221;full_width_background&#8221; full_screen_row_position=&#8221;middle&#8221; bg_color=&#8221;#f9f9f9&#8243; scene_position=&#8221;center&#8221; text_color=&#8221;dark&#8221; text_align=&#8221;left&#8221; top_padding=&#8221;5%&#8221; overlay_strength=&#8221;0.3&#8243;][vc_column column_padding=&#8221;padding-1-percent&#8221; column_padding_position=&#8221;all&#8221; background_color_opacity=&#8221;1&#8243; background_hover_color_opacity=&#8221;1&#8243; column_shadow=&#8221;none&#8221; width=&#8221;1\/1&#8243; tablet_text_alignment=&#8221;default&#8221; phone_text_alignment=&#8221;default&#8221; column_border_width=&#8221;none&#8221; column_border_style=&#8221;solid&#8221;][vc_column_text] Gospelkoor Pamfanos [\/vc_column_text][\/vc_column][\/vc_row][vc_row type=&#8221;full_width_background&#8221; full_screen_row_position=&#8221;middle&#8221; bg_color=&#8221;#f9f9f9&#8243; scene_position=&#8221;center&#8221; text_color=&#8221;dark&#8221; text_align=&#8221;left&#8221; bottom_padding=&#8221;4%&#8221; overlay_strength=&#8221;0.3&#8243;][vc_column&#8230;<\/p>\n","protected":false},"author":1,"featured_media":0,"parent":602,"menu_order":0,"comment_status":"closed","ping_status":"closed","template":"","meta":{"footnotes":""},"class_list":["post-723","page","type-page","status-publish","hentry"],"_links":{"self":[{"href":"https:\/\/www.fap-zeist.nl\/index.php?rest_route=\/wp\/v2\/pages\/723","targetHints":{"allow":["GET"]}}],"collection":[{"href":"https:\/\/www.fap-zeist.nl\/index.php?rest_route=\/wp\/v2\/pages"}],"about":[{"href":"https:\/\/www.fap-zeist.nl\/index.php?rest_route=\/wp\/v2\/types\/page"}],"author":[{"embeddable":true,"href":"https:\/\/www.fap-zeist.nl\/index.php?rest_route=\/wp\/v2\/users\/1"}],"replies":[{"embeddable":true,"href":"https:\/\/www.fap-zeist.nl\/index.php?rest_route=%2Fwp%2Fv2%2Fcomments&post=723"}],"version-history":[{"count":1,"href":"https:\/\/www.fap-zeist.nl\/index.php?rest_route=\/wp\/v2\/pages\/723\/revisions"}],"predecessor-version":[{"id":724,"href":"https:\/\/www.fap-zeist.nl\/index.php?rest_route=\/wp\/v2\/pages\/723\/revisions\/724"}],"up":[{"embeddable":true,"href":"https:\/\/www.fap-zeist.nl\/index.php?rest_route=\/wp\/v2\/pages\/602"}],"wp:attachment":[{"href":"https:\/\/www.fap-zeist.nl\/index.php?rest_route=%2Fwp%2Fv2%2Fmedia&parent=723"}],"curies":[{"name":"wp","href":"https:\/\/api.w.org\/{rel}","templated":true}]}}