{"id":711,"date":"2017-06-20T15:44:21","date_gmt":"2017-06-20T13:44:21","guid":{"rendered":"http:\/\/www.fap-zeist.nl\/wordpress\/?page_id=711"},"modified":"2017-06-26T14:36:02","modified_gmt":"2017-06-26T12:36:02","slug":"zeister-vrouwenkoor","status":"publish","type":"page","link":"https:\/\/www.fap-zeist.nl\/?page_id=711","title":{"rendered":"Zeister Vrouwenkoor"},"content":{"rendered":"[vc_row type=&#8221;full_width_background&#8221; full_screen_row_position=&#8221;middle&#8221; bg_color=&#8221;#f9f9f9&#8243; scene_position=&#8221;center&#8221; text_color=&#8221;dark&#8221; text_align=&#8221;left&#8221; top_padding=&#8221;5%&#8221; overlay_strength=&#8221;0.3&#8243;][vc_column column_padding=&#8221;padding-1-percent&#8221; column_padding_position=&#8221;all&#8221; background_color_opacity=&#8221;1&#8243; background_hover_color_opacity=&#8221;1&#8243; column_shadow=&#8221;none&#8221; width=&#8221;1\/1&#8243; tablet_text_alignment=&#8221;default&#8221; phone_text_alignment=&#8221;default&#8221; column_border_width=&#8221;none&#8221; column_border_style=&#8221;solid&#8221;][vc_column_text]\n<h2><span style=\"color: #359901;\">Zeister Vrouwenkoor<br \/>\n<\/span><\/h2>\n[\/vc_column_text][\/vc_column][\/vc_row][vc_row type=&#8221;full_width_background&#8221; full_screen_row_position=&#8221;middle&#8221; bg_color=&#8221;#f9f9f9&#8243; scene_position=&#8221;center&#8221; text_color=&#8221;dark&#8221; text_align=&#8221;left&#8221; bottom_padding=&#8221;4%&#8221; overlay_strength=&#8221;0.3&#8243;][vc_column column_padding=&#8221;padding-1-percent&#8221; column_padding_position=&#8221;all&#8221; background_color_opacity=&#8221;1&#8243; background_hover_color_opacity=&#8221;1&#8243; column_shadow=&#8221;none&#8221; width=&#8221;1\/3&#8243; tablet_text_alignment=&#8221;default&#8221; phone_text_alignment=&#8221;default&#8221; column_border_width=&#8221;none&#8221; column_border_style=&#8221;solid&#8221;][vc_column_text]<span style=\"color: #999999;\">Het Zeister Vrouwenkoor is op 22 april 2002 opgericht. Het idee om het koor op te richten is ontstaan tijdens het jubileumfeest van het 110-jarig bestaan van het Zeister Mannenkoor. Een aantal echtgenotes besloot die avond iets in te studeren, om dat later op de avond ten gehore te brengen als verrassing voor hun zingende echtgenoten. Diezelfde avond werd het uitgevoerd en zo enthousiast ontvangen dat enkele vrouwen besloten het Zeister Vrouwenkoor op te richten. Het koor is onafhankelijk en uiteraard voor alle vrouwen toegankelijk.<\/span>[\/vc_column_text][\/vc_column][vc_column column_padding=&#8221;padding-1-percent&#8221; column_padding_position=&#8221;all&#8221; background_color_opacity=&#8221;1&#8243; background_hover_color_opacity=&#8221;1&#8243; column_shadow=&#8221;none&#8221; width=&#8221;1\/3&#8243; tablet_text_alignment=&#8221;default&#8221; phone_text_alignment=&#8221;default&#8221; column_border_width=&#8221;none&#8221; column_border_style=&#8221;solid&#8221;][vc_column_text]<span style=\"color: #999999;\">Het Zeister Vrouwenkoor verzorgt jaarlijks optredens en heeft een zeer breed repertoire.<br \/>\nTijdens de wekelijkse repetitie wordt enthousiast gewerkt aan het instuderen van nieuwe stukken. Ook wordt aandacht besteed aan kwaliteitsverhoging van het bestaande repertoire.<br \/>\nBent u ge\u00efnteresseerd, dan bent u van harte uitgenodigd om \u00e9\u00e9n of twee repetities mee te maken,<br \/>\nDe repetities zijn op maandagmiddag van 13:15 uur tot 15:15 uur in het Torenlaantheater aan de Torenlaan 38 in Zeist.<br \/>\nTijdens de schoolvakanties zijn er geen repetities.<br \/>\n<\/span>[\/vc_column_text][\/vc_column][vc_column column_padding=&#8221;padding-1-percent&#8221; column_padding_position=&#8221;all&#8221; background_color_opacity=&#8221;1&#8243; background_hover_color_opacity=&#8221;1&#8243; column_shadow=&#8221;none&#8221; width=&#8221;1\/3&#8243; tablet_text_alignment=&#8221;default&#8221; phone_text_alignment=&#8221;default&#8221; column_border_width=&#8221;none&#8221; column_border_style=&#8221;solid&#8221;][vc_column_text]\n<h6><span style=\"color: #359901;\">Informatie<\/span><\/h6>\n<p><span style=\"color: #999999;\">Opgericht: 2002<\/span><br \/>\n<span style=\"color: #999999;\">Rechtspersoon: vereniging<\/span><br \/>\n<span style=\"color: #999999;\">Landelijke organisatie:<\/span><br \/>\n<span style=\"color: #999999;\">FAP lid sinds: 2003<\/span><br \/>\n<span style=\"color: #999999;\">Aantal leden: 60<\/span><br \/>\n<span style=\"color: #999999;\">Repetitie ruimte:\u00a0Torenlaantheater,\u00a0 Torenlaan 38, Zeist<\/span><br \/>\n<span style=\"color: #999999;\">Repetitie\u00a0maandagen, 13.15 &#8211; 15.15 uur (tijdens de schoolperiodes)<\/span><br \/>\n<span style=\"color: #999999;\">Dirigent: Arie Perk<\/span><br \/>\n<span style=\"color: #999999;\">Pianist: Guy van Beek<\/span>[\/vc_column_text]<div class=\"divider-wrap\"><div style=\"height: 30px;\" class=\"divider\"><\/div><\/div>[vc_column_text]\n<h6><span style=\"color: #359901;\">Contact<\/span><\/h6>\n<p><span style=\"color: #999999;\">Secretariaat: mevr.\u00a0L.Zaunbrecher<\/span><br \/>\n<span style=\"color: #999999;\">Voor contact klikt u op: <a href=\"mailto:contact@zeistervrouwenkoor.nl\">e-mail<\/a><\/span><br \/>\n<span style=\"color: #999999;\"><a href=\"http:\/\/www.zeistervrouwenkoor.nl\/\" target=\"_blank\" rel=\"noopener\">www.zeistervrouwenkoor.nl<\/a><\/span>[\/vc_column_text]<div class=\"divider-wrap\"><div style=\"height: 30px;\" class=\"divider\"><\/div><\/div>[\/vc_column][\/vc_row][vc_row type=&#8221;full_width_background&#8221; full_screen_row_position=&#8221;middle&#8221; scene_position=&#8221;center&#8221; text_color=&#8221;dark&#8221; text_align=&#8221;left&#8221; top_padding=&#8221;40&#8243; bottom_padding=&#8221;40&#8243; overlay_strength=&#8221;0.3&#8243;][vc_column column_padding=&#8221;no-extra-padding&#8221; column_padding_position=&#8221;all&#8221; background_color_opacity=&#8221;1&#8243; background_hover_color_opacity=&#8221;1&#8243; column_shadow=&#8221;none&#8221; width=&#8221;1\/1&#8243; tablet_text_alignment=&#8221;default&#8221; phone_text_alignment=&#8221;default&#8221; column_border_width=&#8221;none&#8221; column_border_style=&#8221;solid&#8221;][vc_gallery type=&#8221;image_grid&#8221; images=&#8221;797&#8243; layout=&#8221;4&#8243; gallery_style=&#8221;7&#8243; load_in_animation=&#8221;fade_in&#8221; img_size=&#8221;600&#215;400&#8243;][\/vc_column][\/vc_row]\n","protected":false},"excerpt":{"rendered":"<p>[vc_row type=&#8221;full_width_background&#8221; full_screen_row_position=&#8221;middle&#8221; bg_color=&#8221;#f9f9f9&#8243; scene_position=&#8221;center&#8221; text_color=&#8221;dark&#8221; text_align=&#8221;left&#8221; top_padding=&#8221;5%&#8221; overlay_strength=&#8221;0.3&#8243;][vc_column column_padding=&#8221;padding-1-percent&#8221; column_padding_position=&#8221;all&#8221; background_color_opacity=&#8221;1&#8243; background_hover_color_opacity=&#8221;1&#8243; column_shadow=&#8221;none&#8221; width=&#8221;1\/1&#8243; tablet_text_alignment=&#8221;default&#8221; phone_text_alignment=&#8221;default&#8221; column_border_width=&#8221;none&#8221; column_border_style=&#8221;solid&#8221;][vc_column_text] Zeister Vrouwenkoor [\/vc_column_text][\/vc_column][\/vc_row][vc_row type=&#8221;full_width_background&#8221; full_screen_row_position=&#8221;middle&#8221; bg_color=&#8221;#f9f9f9&#8243; scene_position=&#8221;center&#8221; text_color=&#8221;dark&#8221; text_align=&#8221;left&#8221; bottom_padding=&#8221;4%&#8221; overlay_strength=&#8221;0.3&#8243;][vc_column&#8230;<\/p>\n","protected":false},"author":1,"featured_media":0,"parent":602,"menu_order":0,"comment_status":"closed","ping_status":"closed","template":"","meta":{"footnotes":""},"class_list":["post-711","page","type-page","status-publish","hentry"],"_links":{"self":[{"href":"https:\/\/www.fap-zeist.nl\/index.php?rest_route=\/wp\/v2\/pages\/711","targetHints":{"allow":["GET"]}}],"collection":[{"href":"https:\/\/www.fap-zeist.nl\/index.php?rest_route=\/wp\/v2\/pages"}],"about":[{"href":"https:\/\/www.fap-zeist.nl\/index.php?rest_route=\/wp\/v2\/types\/page"}],"author":[{"embeddable":true,"href":"https:\/\/www.fap-zeist.nl\/index.php?rest_route=\/wp\/v2\/users\/1"}],"replies":[{"embeddable":true,"href":"https:\/\/www.fap-zeist.nl\/index.php?rest_route=%2Fwp%2Fv2%2Fcomments&post=711"}],"version-history":[{"count":4,"href":"https:\/\/www.fap-zeist.nl\/index.php?rest_route=\/wp\/v2\/pages\/711\/revisions"}],"predecessor-version":[{"id":798,"href":"https:\/\/www.fap-zeist.nl\/index.php?rest_route=\/wp\/v2\/pages\/711\/revisions\/798"}],"up":[{"embeddable":true,"href":"https:\/\/www.fap-zeist.nl\/index.php?rest_route=\/wp\/v2\/pages\/602"}],"wp:attachment":[{"href":"https:\/\/www.fap-zeist.nl\/index.php?rest_route=%2Fwp%2Fv2%2Fmedia&parent=711"}],"curies":[{"name":"wp","href":"https:\/\/api.w.org\/{rel}","templated":true}]}}